{"id":14,"date":"2024-06-06T19:21:01","date_gmt":"2024-06-06T22:21:01","guid":{"rendered":"https:\/\/antigasfabricasdorio.espm.edu.br\/?page_id=14"},"modified":"2025-03-24T11:45:35","modified_gmt":"2025-03-24T14:45:35","slug":"imagens","status":"publish","type":"page","link":"https:\/\/antigasfabricasdorio.espm.edu.br\/?page_id=14","title":{"rendered":"O Projeto"},"content":{"rendered":"\n<p class=\"has-medium-font-size\" style=\"font-style:normal;font-weight:700\">Refuncionaliza\u00e7\u00e3o de instala\u00e7\u00f5es industriais em espa\u00e7os da economia criativa: patrim\u00f4nio industrial e transforma\u00e7\u00e3o de instala\u00e7\u00f5es industriais em espa\u00e7os culturais, criativos e de consumo na cidade do Rio de Janeiro.<\/p>\n\n\n\n<p><strong>Objetivo geral<\/strong><\/p>\n\n\n\n<p>Analisar processos de refuncionaliza\u00e7\u00e3o de instala\u00e7\u00f5es industriais em espa\u00e7os ligados \u00e0 economia criativa, no que tange ao impacto nos tecidos sociais e nas din\u00e2micas urbanas de seus entornos, na cidade do Rio de Janeiro.<\/p>\n\n\n\n<p><strong>Objetivos espec\u00edficos<\/strong><\/p>\n\n\n\n<ul class=\"wp-block-list\">\n<li>Mapear o patrim\u00f4nio industrial da cidade (instala\u00e7\u00f5es desativadas ou refuncionalizadas).<\/li>\n\n\n\n<li>Compreender aspectos culturais, sociais, pol\u00edticos e econ\u00f4micos envolvidos nos casos de ind\u00fastrias refuncionalizadas.<\/li>\n\n\n\n<li>Identificar instala\u00e7\u00f5es industriais desativadas que possuem potencial de refuncionaliza\u00e7\u00e3o.<\/li>\n\n\n\n<li>Levantar casos nacionais e internacionais de refuncionaliza\u00e7\u00e3o industrial, identificando benchmarkings.<\/li>\n<\/ul>\n\n\n\n<p>Ao final da pesquisa, o projeto pretende tamb\u00e9m apresentar propostas para a refuncionaliza\u00e7\u00e3o de instala\u00e7\u00f5es industriais atualmente desativadas que sejam formuladas com a participa\u00e7\u00e3o da sociedade civil e do poder p\u00fablico, de modo que os projetos fa\u00e7am parte das pol\u00edticas p\u00fablicas da cidade, sejam sustent\u00e1veis e tenham impactos positivos para o territ\u00f3rio.<\/p>\n\n\n\n<p><\/p>\n","protected":false},"excerpt":{"rendered":"<p>Refuncionaliza\u00e7\u00e3o de instala\u00e7\u00f5es industriais em espa\u00e7os da economia criativa: patrim\u00f4nio industrial e transforma\u00e7\u00e3o de instala\u00e7\u00f5es industriais em espa\u00e7os culturais, criativos e de consumo na cidade do Rio de Janeiro. Objetivo geral Analisar processos de refuncionaliza\u00e7\u00e3o de instala\u00e7\u00f5es industriais em espa\u00e7os ligados \u00e0 economia criativa, no que tange ao impacto nos tecidos sociais e nas din\u00e2micas &hellip; <\/p>\n<p class=\"link-more\"><a href=\"https:\/\/antigasfabricasdorio.espm.edu.br\/?page_id=14\" class=\"more-link\">Read more<span class=\"screen-reader-text\"> &#8220;O Projeto&#8221;<\/span><\/a><\/p>\n","protected":false},"author":3,"featured_media":0,"parent":0,"menu_order":0,"comment_status":"closed","ping_status":"closed","template":"","meta":{"footnotes":""},"class_list":["post-14","page","type-page","status-publish","hentry"],"_links":{"self":[{"href":"https:\/\/antigasfabricasdorio.espm.edu.br\/index.php?rest_route=\/wp\/v2\/pages\/14","targetHints":{"allow":["GET"]}}],"collection":[{"href":"https:\/\/antigasfabricasdorio.espm.edu.br\/index.php?rest_route=\/wp\/v2\/pages"}],"about":[{"href":"https:\/\/antigasfabricasdorio.espm.edu.br\/index.php?rest_route=\/wp\/v2\/types\/page"}],"author":[{"embeddable":true,"href":"https:\/\/antigasfabricasdorio.espm.edu.br\/index.php?rest_route=\/wp\/v2\/users\/3"}],"replies":[{"embeddable":true,"href":"https:\/\/antigasfabricasdorio.espm.edu.br\/index.php?rest_route=%2Fwp%2Fv2%2Fcomments&post=14"}],"version-history":[{"count":0,"href":"https:\/\/antigasfabricasdorio.espm.edu.br\/index.php?rest_route=\/wp\/v2\/pages\/14\/revisions"}],"wp:attachment":[{"href":"https:\/\/antigasfabricasdorio.espm.edu.br\/index.php?rest_route=%2Fwp%2Fv2%2Fmedia&parent=14"}],"curies":[{"name":"wp","href":"https:\/\/api.w.org\/{rel}","templated":true}]}}